{"id":913,"date":"2025-03-05T17:57:16","date_gmt":"2025-03-05T17:57:16","guid":{"rendered":"https:\/\/terminal3.si\/?post_type=product&#038;p=913"},"modified":"2025-03-19T15:34:52","modified_gmt":"2025-03-19T15:34:52","slug":"tunika-z-blescicami","status":"publish","type":"product","link":"https:\/\/terminal3.si\/en\/product\/tunika-z-blescicami\/","title":{"rendered":"Tunika z ble\u0161\u010dicami"},"content":{"rendered":"<p>\u010cudovita tunika z okroglim ovratnikom in dolgimi rokavi. Zadaj podalj\u0161ana, spodnji rob pa krasi pas ble\u0161\u010dic. Ohlapna, lahkotna in udobna. Primerna tudi za ve\u010dje konfekcije.<\/p>\n","protected":false},"excerpt":{"rendered":"<p>\u010cudovita tunika z okroglim ovratnikom in dolgimi rokavi. Zadaj podalj\u0161ana, spodnji rob pa krasi pas ble\u0161\u010dic. Ohlapna, lahkotna in udobna. Primerna tudi za ve\u010dje konfekcije.<\/p>\n","protected":false},"featured_media":953,"template":"","meta":{"_acf_changed":false,"_gspb_post_css":""},"product_brand":[],"product_cat":[44,50,51],"product_tag":[52,28,46,53],"class_list":{"0":"post-913","1":"product","2":"type-product","3":"status-publish","4":"has-post-thumbnail","6":"product_cat-tunike","7":"product_cat-zgornji-deli","8":"product_cat-zgornji-deli-oblacila","9":"product_tag-bozic","10":"product_tag-jesen","11":"product_tag-plus-size","12":"product_tag-zima","14":"first","15":"instock","16":"shipping-taxable","17":"purchasable","18":"product-type-simple"},"acf":[],"_links":{"self":[{"href":"https:\/\/terminal3.si\/en\/wp-json\/wp\/v2\/product\/913","targetHints":{"allow":["GET"]}}],"collection":[{"href":"https:\/\/terminal3.si\/en\/wp-json\/wp\/v2\/product"}],"about":[{"href":"https:\/\/terminal3.si\/en\/wp-json\/wp\/v2\/types\/product"}],"wp:featuredmedia":[{"embeddable":true,"href":"https:\/\/terminal3.si\/en\/wp-json\/wp\/v2\/media\/953"}],"wp:attachment":[{"href":"https:\/\/terminal3.si\/en\/wp-json\/wp\/v2\/media?parent=913"}],"wp:term":[{"taxonomy":"product_brand","embeddable":true,"href":"https:\/\/terminal3.si\/en\/wp-json\/wp\/v2\/product_brand?post=913"},{"taxonomy":"product_cat","embeddable":true,"href":"https:\/\/terminal3.si\/en\/wp-json\/wp\/v2\/product_cat?post=913"},{"taxonomy":"product_tag","embeddable":true,"href":"https:\/\/terminal3.si\/en\/wp-json\/wp\/v2\/product_tag?post=913"}],"curies":[{"name":"wp","href":"https:\/\/api.w.org\/{rel}","templated":true}]}}